{"id":365,"date":"2020-07-10T18:17:08","date_gmt":"2020-07-10T16:17:08","guid":{"rendered":"https:\/\/www.filipstrapina.cz\/?page_id=365"},"modified":"2025-05-22T20:18:27","modified_gmt":"2025-05-22T18:18:27","slug":"home","status":"publish","type":"page","link":"https:\/\/filipstrapina.cz\/en\/","title":{"rendered":"Home"},"content":{"rendered":"<div data-elementor-type=\"wp-page\" data-elementor-id=\"365\" class=\"elementor elementor-365\" data-elementor-post-type=\"page\">\n\t\t\t\t\t\t<section class=\"elementor-section elementor-top-section elementor-element elementor-element-b34cc7e elementor-section-full_width elementor-section-content-top elementor-section-height-default elementor-section-height-default\" data-id=\"b34cc7e\" data-element_type=\"section\">\n\t\t\t\t\t\t<div class=\"elementor-container elementor-column-gap-no\">\n\t\t\t\t\t<div class=\"elementor-column elementor-col-100 elementor-top-column elementor-element elementor-element-9531239\" data-id=\"9531239\" data-element_type=\"column\">\n\t\t\t<div class=\"elementor-widget-wrap elementor-element-populated\">\n\t\t\t\t\t\t<div class=\"elementor-element elementor-element-1421be6 elementor-widget elementor-widget-text-editor\" data-id=\"1421be6\" data-element_type=\"widget\" data-widget_type=\"text-editor.default\">\n\t\t\t\t<div class=\"elementor-widget-container\">\n\t\t\t\t\t\t\t\t\tHello, my name is\t\t\t\t\t\t\t\t<\/div>\n\t\t\t\t<\/div>\n\t\t\t\t<div class=\"elementor-element elementor-element-97f3082 elementor-widget elementor-widget-text-editor\" data-id=\"97f3082\" data-element_type=\"widget\" data-widget_type=\"text-editor.default\">\n\t\t\t\t<div class=\"elementor-widget-container\">\n\t\t\t\t\t\t\t\t\tFILIP STRAPINA\t\t\t\t\t\t\t\t<\/div>\n\t\t\t\t<\/div>\n\t\t\t\t<div class=\"elementor-element elementor-element-518e6ba elementor-headline--style-rotate elementor-widget elementor-widget-animated-headline\" data-id=\"518e6ba\" data-element_type=\"widget\" data-settings=\"{&quot;headline_style&quot;:&quot;rotate&quot;,&quot;animation_type&quot;:&quot;slide-down&quot;,&quot;rotating_text&quot;:&quot;architekturou a realizac\\u00ed IT infrastruktury\\nautomatizac\\u00ed, DevOps a CI\\\/CD\\nv\\u00fdvojem webov\\u00e9 prezentace\\nUX\\\/UI s citem pro detail\\nfoto\\\/video produkc\\u00ed&quot;,&quot;rotate_iteration_delay&quot;:4000,&quot;loop&quot;:&quot;yes&quot;}\" data-widget_type=\"animated-headline.default\">\n\t\t\t\t<div class=\"elementor-widget-container\">\n\t\t\t\t\t\t\t<p class=\"elementor-headline elementor-headline-animation-type-slide-down translation-block\"><span class=\"elementor-headline-plain-text elementor-headline-text-wrapper\">and I will help you with<\/span>\n\n<span class=\"elementor-headline-dynamic-wrapper elementor-headline-text-wrapper\" style=\"width: 400px\">\n\n<span class=\"elementor-headline-dynamic-text elementor-headline-text-inactive\">\n\narchitecture and IT infrastructure <\/span>\n\n<span class=\"elementor-headline-dynamic-text elementor-headline-text-inactive\">\n\nautomation, DevOps and CI\/CD <\/span>\n\n<span class=\"elementor-headline-dynamic-text elementor-headline-text-inactive\">\n\nweb development <\/span>\n\n<span class=\"elementor-headline-dynamic-text elementor-headline-text-inactive\">\n\nUX\/UI with an eye for detail <\/span>\n\n<span class=\"elementor-headline-dynamic-text elementor-headline-text-inactive\">\n\nphoto\/video production <\/span>\n\n<\/span><\/p>\n\t\t\t\t\t\t<\/div>\n\t\t\t\t<\/div>\n\t\t\t\t\t<\/div>\n\t\t<\/div>\n\t\t\t\t\t<\/div>\n\t\t<\/section>\n\t\t\t\t<\/div>","protected":false},"excerpt":{"rendered":"<p>V\u00edt\u00e1m V\u00e1s! Jmenuji seFILIP STRAPINA a pom\u016f\u017eu V\u00e1m s architekturou&nbsp;a&nbsp;realizac\u00ed&nbsp;IT&nbsp;infrastruktury automatizac\u00ed,&nbsp;DevOps&nbsp;a&nbsp;CI\/CD v\u00fdvojem&nbsp;webov\u00e9&nbsp;prezentace UX\/UI&nbsp;s&nbsp;citem&nbsp;pro&nbsp;detail foto\/video&nbsp;produkc\u00ed<\/p>","protected":false},"author":1,"featured_media":0,"parent":0,"menu_order":0,"comment_status":"closed","ping_status":"closed","template":"","meta":{"footnotes":""},"class_list":["post-365","page","type-page","status-publish","hentry","entry"],"_links":{"self":[{"href":"https:\/\/filipstrapina.cz\/en\/wp-json\/wp\/v2\/pages\/365","targetHints":{"allow":["GET"]}}],"collection":[{"href":"https:\/\/filipstrapina.cz\/en\/wp-json\/wp\/v2\/pages"}],"about":[{"href":"https:\/\/filipstrapina.cz\/en\/wp-json\/wp\/v2\/types\/page"}],"author":[{"embeddable":true,"href":"https:\/\/filipstrapina.cz\/en\/wp-json\/wp\/v2\/users\/1"}],"replies":[{"embeddable":true,"href":"https:\/\/filipstrapina.cz\/en\/wp-json\/wp\/v2\/comments?post=365"}],"version-history":[{"count":40,"href":"https:\/\/filipstrapina.cz\/en\/wp-json\/wp\/v2\/pages\/365\/revisions"}],"predecessor-version":[{"id":1047,"href":"https:\/\/filipstrapina.cz\/en\/wp-json\/wp\/v2\/pages\/365\/revisions\/1047"}],"wp:attachment":[{"href":"https:\/\/filipstrapina.cz\/en\/wp-json\/wp\/v2\/media?parent=365"}],"curies":[{"name":"wp","href":"https:\/\/api.w.org\/{rel}","templated":true}]}}